{"id":23,"date":"2018-01-26T08:10:40","date_gmt":"2018-01-26T07:10:40","guid":{"rendered":"http:\/\/rectorado.zeus.umh.es\/presentacion\/buzon-de-sugerencias\/"},"modified":"2019-07-24T11:39:39","modified_gmt":"2019-07-24T09:39:39","slug":"buzon-de-sugerencias","status":"publish","type":"page","link":"https:\/\/rectorado.umh.es\/ca\/presentacion\/buzon-de-sugerencias\/","title":{"rendered":"Buz\u00f3n de sugerencias"},"content":{"rendered":"<p class=\"qtranxs-available-languages-message qtranxs-available-languages-message-ca\">Ho sentim, aquesta entrada es troba disponible \u00fanicament en <a href=\"https:\/\/rectorado.umh.es\/es\/wp-json\/wp\/v2\/pages\/23\" class=\"qtranxs-available-language-link qtranxs-available-language-link-es\" title=\"Espa\u00f1ol\">Espanyol Europeu<\/a> i <a href=\"https:\/\/rectorado.umh.es\/en\/wp-json\/wp\/v2\/pages\/23\" class=\"qtranxs-available-language-link qtranxs-available-language-link-en\" title=\"English\">Angl\u00e8s Americ\u00e0<\/a>.<\/p>","protected":false},"excerpt":{"rendered":"<p>Ho sentim, aquesta entrada es troba disponible \u00fanicament en Espanyol Europeu i Angl\u00e8s Americ\u00e0.<\/p>\n","protected":false},"author":1,"featured_media":0,"parent":3,"menu_order":30,"comment_status":"closed","ping_status":"open","template":"","meta":{"_links_to":"","_links_to_target":""},"_links":{"self":[{"href":"https:\/\/rectorado.umh.es\/ca\/wp-json\/wp\/v2\/pages\/23"}],"collection":[{"href":"https:\/\/rectorado.umh.es\/ca\/wp-json\/wp\/v2\/pages"}],"about":[{"href":"https:\/\/rectorado.umh.es\/ca\/wp-json\/wp\/v2\/types\/page"}],"author":[{"embeddable":true,"href":"https:\/\/rectorado.umh.es\/ca\/wp-json\/wp\/v2\/users\/1"}],"replies":[{"embeddable":true,"href":"https:\/\/rectorado.umh.es\/ca\/wp-json\/wp\/v2\/comments?post=23"}],"version-history":[{"count":0,"href":"https:\/\/rectorado.umh.es\/ca\/wp-json\/wp\/v2\/pages\/23\/revisions"}],"up":[{"embeddable":true,"href":"https:\/\/rectorado.umh.es\/ca\/wp-json\/wp\/v2\/pages\/3"}],"wp:attachment":[{"href":"https:\/\/rectorado.umh.es\/ca\/wp-json\/wp\/v2\/media?parent=23"}],"curies":[{"name":"wp","href":"https:\/\/api.w.org\/{rel}","templated":true}]}}