{"id":3,"date":"2018-01-01T06:29:21","date_gmt":"2018-01-01T05:29:21","guid":{"rendered":"http:\/\/rectorado.zeus.umh.es\/presentacion\/"},"modified":"2023-12-12T10:57:05","modified_gmt":"2023-12-12T09:57:05","slug":"presentacion","status":"publish","type":"page","link":"https:\/\/rectorado.umh.es\/ca\/presentacion\/","title":{"rendered":"Presentaci\u00f2"},"content":{"rendered":"<p><a href=\"https:\/\/rectorado.umh.es\/files\/2019\/06\/juanjo-ruiz.jpg\"><img loading=\"lazy\" class=\"size-full wp-image-92 alignleft\" src=\"https:\/\/rectorado.umh.es\/files\/2019\/06\/juanjo-ruiz.jpg\" alt=\"\" width=\"126\" height=\"160\" \/><\/a><\/p>\n<p>Benvinguts i benvingudes al web de la Universitat\u00a0<span class=\"hiddenSpellError\">Miguel<\/span>\u00a0Hern\u00e1ndez d\u2019Elx.<\/p>\n<p>En aquest web pots trobar tota la informaci\u00f3 sobre la nostra universitat: les\u00a0seues\u00a0instal\u00b7lacions, els seus centres, els seus departaments, els seus instituts de recerca i els seus serveis, aix\u00ed com totes les activitats acad\u00e8miques, culturals i esportives. Mitjan\u00e7ant el portal web, podr\u00e0s\u00a0con\u00e9ixer-nos millor i participar activament de la vida universit\u00e0ria d\u2019aquesta instituci\u00f3.<\/p>\n<p>Som una universitat p\u00fablica que imparteix la\u00a0seua\u00a0doc\u00e8ncia en totes les \u00e0rees de coneixement. Oferim 26 graus, dos dobles graus i 50 m\u00e0sters en els nostres quatre campus, distribu\u00efts de nord a sud de la prov\u00edncia d\u2019Alacant en les localitats d\u2019Altea, Sant Joan d\u2019Alacant, Elx i Oriola.<\/p>\n<p>La UMH \u00e9s una universitat jove que aposta per seguir incorporant innovaci\u00f3 i excel\u00b7l\u00e8ncia per continuar escalant posicions entre les millors del nostre entorn. Segons diferents indicadors de qualitat de les universitats, la Universitat\u00a0<span class=\"hiddenSpellError\">Miguel<\/span>\u00a0Hern\u00e1ndez d\u2019Elx es troba entre els millors llocs de les universitats espanyoles en els par\u00e0metres d\u2019innovaci\u00f3 i desenvolupament tecnol\u00f2gic, en doc\u00e8ncia i en l\u2019\u00e0mbit de la ind\u00fastria, innovaci\u00f3 i infraestructures.<\/p>\n<p>La nostra universitat es basa en un projecte integrador i de consens, basat en el reconeixement de la diversitat i de les difer\u00e8ncies entre els campus, les \u00e0rees de coneixement i les persones que\u00a0componem\u00a0la comunitat universit\u00e0ria. Per a aix\u00f2, treballem perqu\u00e8 es\u00a0donen\u00a0les millors condicions i que cada un de nosaltres\u00a0puga\u00a0exercir les\u00a0seues\u00a0funcions de la millor manera possible i desenvolupar les\u00a0seues\u00a0millors capacitats.<\/p>\n<p>Comptem amb tu en aquest projecte il\u00b7lusionant, que est\u00e0 en constant creixement gr\u00e0cies a l\u2019aportaci\u00f3 de tots vosaltres.<\/p>\n<p>Una cordial salutaci\u00f3.<\/p>\n<p><strong>Juan Jos\u00e9 Ruiz Mart\u00ednez<\/strong><br \/>\n<strong>Rector de la Universitat\u00a0<span class=\"hiddenSpellError\">Miguel<\/span>\u00a0Hern\u00e1ndez d\u2019Elx<\/strong><\/p>\n<p>Aquest text ha sigut tradu\u00eft utilitzant un motor de traducci\u00f3 autom\u00e0tica.<\/p>","protected":false},"excerpt":{"rendered":"<p>Benvinguts i benvingudes al web de la Universitat\u00a0Miguel\u00a0Hern\u00e1ndez d\u2019Elx.<br \/>\nEn aquest web pots trobar tota la informaci\u00f3 sobre la nostra universitat: les\u00a0seues\u00a0instal\u00b7lacions, els seus centres, els seus departaments, els seus instituts de recerca i els seus serveis, aix\u00ed com totes les activitats acad\u00e8miques, culturals i esportives. Mitjan\u00e7ant el portal web, podr\u00e0s\u00a0con\u00e9ixer-nos millor i participar activament de [&#8230;]<\/p>\n","protected":false},"author":1,"featured_media":0,"parent":0,"menu_order":0,"comment_status":"closed","ping_status":"open","template":"","meta":{"_links_to":"","_links_to_target":""},"_links":{"self":[{"href":"https:\/\/rectorado.umh.es\/ca\/wp-json\/wp\/v2\/pages\/3"}],"collection":[{"href":"https:\/\/rectorado.umh.es\/ca\/wp-json\/wp\/v2\/pages"}],"about":[{"href":"https:\/\/rectorado.umh.es\/ca\/wp-json\/wp\/v2\/types\/page"}],"author":[{"embeddable":true,"href":"https:\/\/rectorado.umh.es\/ca\/wp-json\/wp\/v2\/users\/1"}],"replies":[{"embeddable":true,"href":"https:\/\/rectorado.umh.es\/ca\/wp-json\/wp\/v2\/comments?post=3"}],"version-history":[{"count":0,"href":"https:\/\/rectorado.umh.es\/ca\/wp-json\/wp\/v2\/pages\/3\/revisions"}],"wp:attachment":[{"href":"https:\/\/rectorado.umh.es\/ca\/wp-json\/wp\/v2\/media?parent=3"}],"curies":[{"name":"wp","href":"https:\/\/api.w.org\/{rel}","templated":true}]}}